{"id":195,"date":"2018-02-11T14:34:52","date_gmt":"2018-02-11T13:34:52","guid":{"rendered":"http:\/\/nuova-cosmel.tinext.net\/web\/?page_id=195"},"modified":"2018-05-24T15:42:14","modified_gmt":"2018-05-24T13:42:14","slug":"profilo-aziendale","status":"publish","type":"page","link":"https:\/\/nuova-cosmel.com\/web\/profilo-aziendale\/","title":{"rendered":"Profilo aziendale"},"content":{"rendered":"<div class=\"wpb-content-wrapper\"><p>[vc_row css=&#8221;.vc_custom_1518517233609{margin-top: 40px !important;}&#8221;][vc_column width=&#8221;1\/2&#8243;][vc_column_text]<\/p>\n<p style=\"text-align: justify;\"><strong>COS.ME.L nasce nel 1979<\/strong> e a oggi opera su un\u2019area complessiva di <strong>9.200 metri quadrati<\/strong>, con un potenziale\u00a0adeguato per conquistare il mercato a cui si rivolge.<br \/>\nIl <strong>TEAM COS.ME.L opera in tutti i settori<\/strong>: dal settore energia\/petrolchimico al settore plastica, dal settore del sapone\u00a0a quello del vetro, dal settore alimentazione al settore tessile, dalle macchine utensili al settore \u201cautomotive\u201d, offrendo ai propri clienti <strong>massima assistenza e qualit\u00e0<\/strong> in tutte le fasi di realizzazione del prodotto.<\/p>\n<p>[\/vc_column_text][\/vc_column][vc_column width=&#8221;1\/2&#8243;][vc_column_text]<\/p>\n<p style=\"text-align: justify;\">In <strong>COS.ME.L<\/strong>\u00a0troverete la risposta immediata alle vostre esigenze perch\u00e8, pur essendo la nostra una realt\u00e0 dalle\u00a0dimensioni importanti, \u00c8 STATA, \u00c8 ANCORA OGGI E SAR\u00c0 NEL TEMPO<strong> un\u2019azienda condotta e rappresentata da\u00a0una famiglia<\/strong>, una famiglia che crede nei valori e nella lealt\u00e0 dei rapporti umani dentro e fuori la propria \u201cREALT\u00c0\u201d.<\/p>\n<p>[\/vc_column_text][\/vc_column][\/vc_row][vc_row full_width=&#8221;stretch_row_content_no_spaces&#8221; css=&#8221;.vc_custom_1518520741114{margin-bottom: 0px !important;padding-bottom: 0px !important;}&#8221;][vc_column css=&#8221;.vc_custom_1518520792750{margin-top: 0px !important;margin-bottom: 0px !important;}&#8221;][vc_single_image image=&#8221;200&#8243; img_size=&#8221;full&#8221; alignment=&#8221;center&#8221; onclick=&#8221;zoom&#8221; css_animation=&#8221;fadeInDown&#8221; css=&#8221;.vc_custom_1518520778594{margin-top: 0px !important;margin-right: 0px !important;margin-bottom: 0px !important;margin-left: 0px !important;padding-top: 0px !important;padding-right: 0px !important;padding-bottom: 0px !important;padding-left: 0px !important;}&#8221;][\/vc_column][\/vc_row][vc_row full_width=&#8221;stretch_row_content_no_spaces&#8221; css=&#8221;.vc_custom_1518522113448{margin-top: 0px !important;padding-top: 30px !important;padding-right: 60px !important;padding-bottom: 30px !important;padding-left: 60px !important;background-color: #cd0027 !important;}&#8221;][vc_column width=&#8221;1\/2&#8243;][vc_column_text]<\/p>\n<h2 style=\"text-align: center;\"><strong><span style=\"color: #ffffff;\">UN PO&#8217; DI STORIA<\/span><\/strong><\/h2>\n<p>[\/vc_column_text][vc_text_separator title=&#8221;&#8221; i_icon_fontawesome=&#8221;fa fa-comment&#8221; i_color=&#8221;white&#8221; i_size=&#8221;xl&#8221; title_align=&#8221;separator_align_left&#8221; align=&#8221;align_left&#8221; color=&#8221;white&#8221; border_width=&#8221;2&#8243; add_icon=&#8221;true&#8221;][vc_column_text css=&#8221;.vc_custom_1518597141333{padding-right: 30px !important;}&#8221;]<\/p>\n<p style=\"color: #ffffff; text-align: justify;\"><strong>COS.ME.L.<\/strong> \u00e8 un\u2019<strong>officina meccanica specializzata<\/strong> nata per opera del <strong>Sig. Trasparano La Cognata<\/strong> in un\u2019area a forte vocazione industriale e sin dall&#8217;esordio \u00e8 stata attrezzata per la<strong> costruzione di carpenteria in ferro e acciaio inox<\/strong>.<\/p>\n<p style=\"color: #ffffff; text-align: justify;\">Il secondo decennio della nostra attivit\u00e0 si \u00e8 caratterizzato per l\u2019orientamento verso la<strong> lavorazione meccanica<\/strong> e tuttora operiamo su un\u2019area complessiva di <strong>6800 metri quadrati<\/strong>.<\/p>\n<p style=\"color: #ffffff; text-align: justify;\">In quest\u2019area si trova\u00a0 un capannone di nuova costruzione con una superficie coperta di circa 3300 metri quadrati adibita alle lavorazioni meccaniche e un capannone di nuova costruzione completamente rimodernato con una superficie coperta di circa 1500 metri quadrati adibita a carpenteria ed i restanti 2000 metri quadrati adibiti a zone verdi e cortili adibiti alle movimentazioni per carico\/scarico merce.<\/p>\n<p style=\"text-align: justify; color: #ffffff;\">Nei nostri <strong>trent&#8217;anni di attivit\u00e0<\/strong> siamo cresciuti parallelamente rispetto al settore della <strong>carpenteria<\/strong> e della\u00a0 <strong>lavorazione meccanica<\/strong>,\u00a0sviluppando esperienza e tecnologia tali da consentirci di seguire le richieste del mercato e le esigenze dei clienti,\u00a0 anche grazie ad un\u2019attrezzatura moderna e sofisticata.<\/p>\n<p style=\"color: #ffffff; text-align: justify;\">La caratterizzazione <strong>artigianale<\/strong> della nostra organizzazione, inoltre, ci permette di <strong>seguire ogni singola commessa affidataci in ogni fase della lavorazione meccanica<\/strong>, curando in questo modo la definizione qualitativa di ogni prodotto richiesto dai nostri clienti.<\/p>\n<p>[\/vc_column_text][\/vc_column][vc_column width=&#8221;1\/2&#8243;][vc_gallery interval=&#8221;3&#8243; images=&#8221;190,154,202&#8243; img_size=&#8221;full&#8221; css_animation=&#8221;rollIn&#8221;][\/vc_column][\/vc_row][vc_row full_width=&#8221;stretch_row&#8221; equal_height=&#8221;yes&#8221; content_placement=&#8221;middle&#8221; css=&#8221;.vc_custom_1518521958039{background-color: #f2f2f2 !important;}&#8221;][vc_column width=&#8221;1\/4&#8243;][vc_single_image image=&#8221;256&#8243; alignment=&#8221;right&#8221;][\/vc_column][vc_column width=&#8221;3\/4&#8243;][vc_column_text]<\/p>\n<p style=\"text-align: center; font-size: 35px; line-height: 45px;\"><span style=\"color: #1c173f;\">Rispettiamo rigorosamente<\/span><br \/>\n<span style=\"color: #1c173f;\">le normative relative alla <\/span><span style=\"color: #cd0027;\"><strong>sicurezza sul lavoro<\/strong><\/span><br \/>\n<span style=\"color: #1c173f;\">e alla<\/span> <span style=\"color: #cd0027;\"><strong>salvaguardia ambientale<\/strong><\/span>.<\/p>\n<p>[\/vc_column_text][\/vc_column][\/vc_row]<\/p>\n<\/div>","protected":false},"excerpt":{"rendered":"<p>[vc_row css=&#8221;.vc_custom_1518517233609{margin-top: 40px !important;}&#8221;][vc_column width=&#8221;1\/2&#8243;][vc_column_text] COS.ME.L nasce nel 1979 e a oggi opera su un\u2019area complessiva di 9.200 metri quadrati, con un potenziale\u00a0adeguato per conquistare il<span class=\"excerpt-hellip\"> [\u2026]<\/span><\/p>\n","protected":false},"author":1,"featured_media":0,"parent":0,"menu_order":0,"comment_status":"open","ping_status":"open","template":"","meta":{"footnotes":""},"class_list":["post-195","page","type-page","status-publish","hentry"],"_links":{"self":[{"href":"https:\/\/nuova-cosmel.com\/web\/wp-json\/wp\/v2\/pages\/195","targetHints":{"allow":["GET"]}}],"collection":[{"href":"https:\/\/nuova-cosmel.com\/web\/wp-json\/wp\/v2\/pages"}],"about":[{"href":"https:\/\/nuova-cosmel.com\/web\/wp-json\/wp\/v2\/types\/page"}],"author":[{"embeddable":true,"href":"https:\/\/nuova-cosmel.com\/web\/wp-json\/wp\/v2\/users\/1"}],"replies":[{"embeddable":true,"href":"https:\/\/nuova-cosmel.com\/web\/wp-json\/wp\/v2\/comments?post=195"}],"version-history":[{"count":5,"href":"https:\/\/nuova-cosmel.com\/web\/wp-json\/wp\/v2\/pages\/195\/revisions"}],"predecessor-version":[{"id":393,"href":"https:\/\/nuova-cosmel.com\/web\/wp-json\/wp\/v2\/pages\/195\/revisions\/393"}],"wp:attachment":[{"href":"https:\/\/nuova-cosmel.com\/web\/wp-json\/wp\/v2\/media?parent=195"}],"curies":[{"name":"wp","href":"https:\/\/api.w.org\/{rel}","templated":true}]}}